{"id":601,"date":"2024-01-02T05:22:41","date_gmt":"2024-01-02T09:22:41","guid":{"rendered":"https:\/\/elgoaltal.gob.ec\/carchi\/?page_id=601"},"modified":"2025-10-17T10:15:54","modified_gmt":"2025-10-17T14:15:54","slug":"rendicion-de-cuentas-2024","status":"publish","type":"page","link":"https:\/\/elgoaltal.gob.ec\/carchi\/rendicion-de-cuentas-2024\/","title":{"rendered":"Rendici\u00f3n de Cuentas 2024"},"content":{"rendered":"<h3 style=\"text-align: center;\">INFORMES<\/h3>\n<p><a href=\"https:\/\/elgoaltal.gob.ec\/carchi\/wp-content\/uploads\/2025\/10\/INFORME-CPC-SENOR-PRESIDENTE-2024.pdf\">INFORME CPC SE\u00d1OR PRESIDENTE 2024<\/a><\/p>\n<p><a href=\"https:\/\/elgoaltal.gob.ec\/carchi\/wp-content\/uploads\/2025\/10\/INFORME-GAD.pdf\">INFORME GAD<\/a><\/p>\n<p><a href=\"https:\/\/elgoaltal.gob.ec\/carchi\/wp-content\/uploads\/2025\/10\/INFORME-VOCAL-OBRAS-PUBLICAS.pdf\">INFORME VOCAL OBRAS PUBLICAS<\/a><\/p>\n<p><a href=\"https:\/\/elgoaltal.gob.ec\/carchi\/wp-content\/uploads\/2025\/10\/INFORME-VOCAL-PRODUCTIVIDAD.pdf\">INFORME VOCAL PRODUCTIVIDAD<\/a><\/p>\n<h3 style=\"text-align: center;\">GALERIA FOTOGR\u00c1FICA<\/h3>\n\n\t\t<style type=\"text\/css\">\n\t\t\t#gallery-1 {\n\t\t\t\tmargin: auto;\n\t\t\t}\n\t\t\t#gallery-1 .gallery-item {\n\t\t\t\tfloat: left;\n\t\t\t\tmargin-top: 10px;\n\t\t\t\ttext-align: center;\n\t\t\t\twidth: 33%;\n\t\t\t}\n\t\t\t#gallery-1 img {\n\t\t\t\tborder: 2px solid #cfcfcf;\n\t\t\t}\n\t\t\t#gallery-1 .gallery-caption {\n\t\t\t\tmargin-left: 0;\n\t\t\t}\n\t\t\t\/* see gallery_shortcode() in wp-includes\/media.php *\/\n\t\t<\/style>\n\t\t<div data-carousel-extra='{\"blog_id\":1,\"permalink\":\"https:\\\/\\\/elgoaltal.gob.ec\\\/carchi\\\/rendicion-de-cuentas-2024\\\/\"}' id='gallery-1' class='gallery galleryid-601 gallery-columns-3 gallery-size-thumbnail'><dl class='gallery-item'>\n\t\t\t<dt class='gallery-icon landscape'>\n\t\t\t\t<a href='https:\/\/elgoaltal.gob.ec\/carchi\/rendicion-de-cuentas-2021\/whatsapp-image-2022-04-05-at-9-15-31-am\/'><img loading=\"lazy\" decoding=\"async\" data-attachment-id=\"438\" data-orig-file=\"https:\/\/elgoaltal.gob.ec\/carchi\/wp-content\/uploads\/2022\/04\/WhatsApp-Image-2022-04-05-at-9.15.31-AM.jpeg\" data-orig-size=\"1600,900\" data-comments-opened=\"0\" data-image-meta=\"{&quot;aperture&quot;:&quot;0&quot;,&quot;credit&quot;:&quot;&quot;,&quot;camera&quot;:&quot;&quot;,&quot;caption&quot;:&quot;&quot;,&quot;created_timestamp&quot;:&quot;0&quot;,&quot;copyright&quot;:&quot;&quot;,&quot;focal_length&quot;:&quot;0&quot;,&quot;iso&quot;:&quot;0&quot;,&quot;shutter_speed&quot;:&quot;0&quot;,&quot;title&quot;:&quot;&quot;,&quot;orientation&quot;:&quot;0&quot;,&quot;keywords&quot;:&quot;Array&quot;}\" data-image-title=\"WhatsApp Image 2022-04-05 at 9.15.31 AM\" data-image-description=\"\" data-medium-file=\"https:\/\/elgoaltal.gob.ec\/carchi\/wp-content\/uploads\/2022\/04\/WhatsApp-Image-2022-04-05-at-9.15.31-AM-550x309.jpeg\" data-large-file=\"https:\/\/elgoaltal.gob.ec\/carchi\/wp-content\/uploads\/2022\/04\/WhatsApp-Image-2022-04-05-at-9.15.31-AM-1024x576.jpeg\" width=\"150\" height=\"150\" src=\"https:\/\/elgoaltal.gob.ec\/carchi\/wp-content\/uploads\/2022\/04\/WhatsApp-Image-2022-04-05-at-9.15.31-AM-150x150.jpeg\" class=\"attachment-thumbnail size-thumbnail\" alt=\"\" \/><\/a>\n\t\t\t<\/dt><\/dl><dl class='gallery-item'>\n\t\t\t<dt class='gallery-icon landscape'>\n\t\t\t\t<a href='https:\/\/elgoaltal.gob.ec\/carchi\/rendicion-de-cuentas-2021\/whatsapp-image-2022-04-05-at-9-15-31-am-1\/'><img loading=\"lazy\" decoding=\"async\" data-attachment-id=\"437\" data-orig-file=\"https:\/\/elgoaltal.gob.ec\/carchi\/wp-content\/uploads\/2022\/04\/WhatsApp-Image-2022-04-05-at-9.15.31-AM-1.jpeg\" data-orig-size=\"1280,960\" data-comments-opened=\"0\" data-image-meta=\"{&quot;aperture&quot;:&quot;0&quot;,&quot;credit&quot;:&quot;&quot;,&quot;camera&quot;:&quot;&quot;,&quot;caption&quot;:&quot;&quot;,&quot;created_timestamp&quot;:&quot;0&quot;,&quot;copyright&quot;:&quot;&quot;,&quot;focal_length&quot;:&quot;0&quot;,&quot;iso&quot;:&quot;0&quot;,&quot;shutter_speed&quot;:&quot;0&quot;,&quot;title&quot;:&quot;&quot;,&quot;orientation&quot;:&quot;0&quot;,&quot;keywords&quot;:&quot;Array&quot;}\" data-image-title=\"WhatsApp Image 2022-04-05 at 9.15.31 AM (1)\" data-image-description=\"\" data-medium-file=\"https:\/\/elgoaltal.gob.ec\/carchi\/wp-content\/uploads\/2022\/04\/WhatsApp-Image-2022-04-05-at-9.15.31-AM-1-550x413.jpeg\" data-large-file=\"https:\/\/elgoaltal.gob.ec\/carchi\/wp-content\/uploads\/2022\/04\/WhatsApp-Image-2022-04-05-at-9.15.31-AM-1-1024x768.jpeg\" width=\"150\" height=\"150\" src=\"https:\/\/elgoaltal.gob.ec\/carchi\/wp-content\/uploads\/2022\/04\/WhatsApp-Image-2022-04-05-at-9.15.31-AM-1-150x150.jpeg\" class=\"attachment-thumbnail size-thumbnail\" alt=\"\" \/><\/a>\n\t\t\t<\/dt><\/dl><dl class='gallery-item'>\n\t\t\t<dt class='gallery-icon landscape'>\n\t\t\t\t<a href='https:\/\/elgoaltal.gob.ec\/carchi\/rendicion-de-cuentas-2021\/whatsapp-image-2022-04-05-at-9-15-30-am\/'><img loading=\"lazy\" decoding=\"async\" data-attachment-id=\"436\" data-orig-file=\"https:\/\/elgoaltal.gob.ec\/carchi\/wp-content\/uploads\/2022\/04\/WhatsApp-Image-2022-04-05-at-9.15.30-AM.jpeg\" data-orig-size=\"1280,960\" data-comments-opened=\"0\" data-image-meta=\"{&quot;aperture&quot;:&quot;0&quot;,&quot;credit&quot;:&quot;&quot;,&quot;camera&quot;:&quot;&quot;,&quot;caption&quot;:&quot;&quot;,&quot;created_timestamp&quot;:&quot;0&quot;,&quot;copyright&quot;:&quot;&quot;,&quot;focal_length&quot;:&quot;0&quot;,&quot;iso&quot;:&quot;0&quot;,&quot;shutter_speed&quot;:&quot;0&quot;,&quot;title&quot;:&quot;&quot;,&quot;orientation&quot;:&quot;0&quot;,&quot;keywords&quot;:&quot;Array&quot;}\" data-image-title=\"WhatsApp Image 2022-04-05 at 9.15.30 AM\" data-image-description=\"\" data-medium-file=\"https:\/\/elgoaltal.gob.ec\/carchi\/wp-content\/uploads\/2022\/04\/WhatsApp-Image-2022-04-05-at-9.15.30-AM-550x413.jpeg\" data-large-file=\"https:\/\/elgoaltal.gob.ec\/carchi\/wp-content\/uploads\/2022\/04\/WhatsApp-Image-2022-04-05-at-9.15.30-AM-1024x768.jpeg\" width=\"150\" height=\"150\" src=\"https:\/\/elgoaltal.gob.ec\/carchi\/wp-content\/uploads\/2022\/04\/WhatsApp-Image-2022-04-05-at-9.15.30-AM-150x150.jpeg\" class=\"attachment-thumbnail size-thumbnail\" alt=\"\" \/><\/a>\n\t\t\t<\/dt><\/dl><br style=\"clear: both\" \/><dl class='gallery-item'>\n\t\t\t<dt class='gallery-icon landscape'>\n\t\t\t\t<a href='https:\/\/elgoaltal.gob.ec\/carchi\/rendicion-de-cuentas-2021\/whatsapp-image-2022-04-05-at-9-15-30-am-4\/'><img loading=\"lazy\" decoding=\"async\" data-attachment-id=\"435\" data-orig-file=\"https:\/\/elgoaltal.gob.ec\/carchi\/wp-content\/uploads\/2022\/04\/WhatsApp-Image-2022-04-05-at-9.15.30-AM-4.jpeg\" data-orig-size=\"1280,960\" data-comments-opened=\"0\" data-image-meta=\"{&quot;aperture&quot;:&quot;0&quot;,&quot;credit&quot;:&quot;&quot;,&quot;camera&quot;:&quot;&quot;,&quot;caption&quot;:&quot;&quot;,&quot;created_timestamp&quot;:&quot;0&quot;,&quot;copyright&quot;:&quot;&quot;,&quot;focal_length&quot;:&quot;0&quot;,&quot;iso&quot;:&quot;0&quot;,&quot;shutter_speed&quot;:&quot;0&quot;,&quot;title&quot;:&quot;&quot;,&quot;orientation&quot;:&quot;0&quot;,&quot;keywords&quot;:&quot;Array&quot;}\" data-image-title=\"WhatsApp Image 2022-04-05 at 9.15.30 AM (4)\" data-image-description=\"\" data-medium-file=\"https:\/\/elgoaltal.gob.ec\/carchi\/wp-content\/uploads\/2022\/04\/WhatsApp-Image-2022-04-05-at-9.15.30-AM-4-550x413.jpeg\" data-large-file=\"https:\/\/elgoaltal.gob.ec\/carchi\/wp-content\/uploads\/2022\/04\/WhatsApp-Image-2022-04-05-at-9.15.30-AM-4-1024x768.jpeg\" width=\"150\" height=\"150\" src=\"https:\/\/elgoaltal.gob.ec\/carchi\/wp-content\/uploads\/2022\/04\/WhatsApp-Image-2022-04-05-at-9.15.30-AM-4-150x150.jpeg\" class=\"attachment-thumbnail size-thumbnail\" alt=\"\" \/><\/a>\n\t\t\t<\/dt><\/dl><dl class='gallery-item'>\n\t\t\t<dt class='gallery-icon landscape'>\n\t\t\t\t<a href='https:\/\/elgoaltal.gob.ec\/carchi\/rendicion-de-cuentas-2021\/whatsapp-image-2022-04-05-at-9-15-30-am-3\/'><img loading=\"lazy\" decoding=\"async\" data-attachment-id=\"434\" data-orig-file=\"https:\/\/elgoaltal.gob.ec\/carchi\/wp-content\/uploads\/2022\/04\/WhatsApp-Image-2022-04-05-at-9.15.30-AM-3.jpeg\" data-orig-size=\"1600,900\" data-comments-opened=\"0\" data-image-meta=\"{&quot;aperture&quot;:&quot;0&quot;,&quot;credit&quot;:&quot;&quot;,&quot;camera&quot;:&quot;&quot;,&quot;caption&quot;:&quot;&quot;,&quot;created_timestamp&quot;:&quot;0&quot;,&quot;copyright&quot;:&quot;&quot;,&quot;focal_length&quot;:&quot;0&quot;,&quot;iso&quot;:&quot;0&quot;,&quot;shutter_speed&quot;:&quot;0&quot;,&quot;title&quot;:&quot;&quot;,&quot;orientation&quot;:&quot;0&quot;,&quot;keywords&quot;:&quot;Array&quot;}\" data-image-title=\"WhatsApp Image 2022-04-05 at 9.15.30 AM (3)\" data-image-description=\"\" data-medium-file=\"https:\/\/elgoaltal.gob.ec\/carchi\/wp-content\/uploads\/2022\/04\/WhatsApp-Image-2022-04-05-at-9.15.30-AM-3-550x309.jpeg\" data-large-file=\"https:\/\/elgoaltal.gob.ec\/carchi\/wp-content\/uploads\/2022\/04\/WhatsApp-Image-2022-04-05-at-9.15.30-AM-3-1024x576.jpeg\" width=\"150\" height=\"150\" src=\"https:\/\/elgoaltal.gob.ec\/carchi\/wp-content\/uploads\/2022\/04\/WhatsApp-Image-2022-04-05-at-9.15.30-AM-3-150x150.jpeg\" class=\"attachment-thumbnail size-thumbnail\" alt=\"\" \/><\/a>\n\t\t\t<\/dt><\/dl><dl class='gallery-item'>\n\t\t\t<dt class='gallery-icon landscape'>\n\t\t\t\t<a href='https:\/\/elgoaltal.gob.ec\/carchi\/rendicion-de-cuentas-2021\/whatsapp-image-2022-04-05-at-9-15-30-am-2\/'><img loading=\"lazy\" decoding=\"async\" data-attachment-id=\"433\" data-orig-file=\"https:\/\/elgoaltal.gob.ec\/carchi\/wp-content\/uploads\/2022\/04\/WhatsApp-Image-2022-04-05-at-9.15.30-AM-2.jpeg\" data-orig-size=\"1280,720\" data-comments-opened=\"0\" data-image-meta=\"{&quot;aperture&quot;:&quot;0&quot;,&quot;credit&quot;:&quot;&quot;,&quot;camera&quot;:&quot;&quot;,&quot;caption&quot;:&quot;&quot;,&quot;created_timestamp&quot;:&quot;0&quot;,&quot;copyright&quot;:&quot;&quot;,&quot;focal_length&quot;:&quot;0&quot;,&quot;iso&quot;:&quot;0&quot;,&quot;shutter_speed&quot;:&quot;0&quot;,&quot;title&quot;:&quot;&quot;,&quot;orientation&quot;:&quot;0&quot;,&quot;keywords&quot;:&quot;Array&quot;}\" data-image-title=\"WhatsApp Image 2022-04-05 at 9.15.30 AM (2)\" data-image-description=\"\" data-medium-file=\"https:\/\/elgoaltal.gob.ec\/carchi\/wp-content\/uploads\/2022\/04\/WhatsApp-Image-2022-04-05-at-9.15.30-AM-2-550x309.jpeg\" data-large-file=\"https:\/\/elgoaltal.gob.ec\/carchi\/wp-content\/uploads\/2022\/04\/WhatsApp-Image-2022-04-05-at-9.15.30-AM-2-1024x576.jpeg\" width=\"150\" height=\"150\" src=\"https:\/\/elgoaltal.gob.ec\/carchi\/wp-content\/uploads\/2022\/04\/WhatsApp-Image-2022-04-05-at-9.15.30-AM-2-150x150.jpeg\" class=\"attachment-thumbnail size-thumbnail\" alt=\"\" \/><\/a>\n\t\t\t<\/dt><\/dl><br style=\"clear: both\" \/><dl class='gallery-item'>\n\t\t\t<dt class='gallery-icon landscape'>\n\t\t\t\t<a href='https:\/\/elgoaltal.gob.ec\/carchi\/rendicion-de-cuentas-2021\/whatsapp-image-2022-04-05-at-9-15-30-am-1\/'><img loading=\"lazy\" decoding=\"async\" data-attachment-id=\"432\" data-orig-file=\"https:\/\/elgoaltal.gob.ec\/carchi\/wp-content\/uploads\/2022\/04\/WhatsApp-Image-2022-04-05-at-9.15.30-AM-1.jpeg\" data-orig-size=\"1600,1200\" data-comments-opened=\"0\" data-image-meta=\"{&quot;aperture&quot;:&quot;0&quot;,&quot;credit&quot;:&quot;&quot;,&quot;camera&quot;:&quot;&quot;,&quot;caption&quot;:&quot;&quot;,&quot;created_timestamp&quot;:&quot;0&quot;,&quot;copyright&quot;:&quot;&quot;,&quot;focal_length&quot;:&quot;0&quot;,&quot;iso&quot;:&quot;0&quot;,&quot;shutter_speed&quot;:&quot;0&quot;,&quot;title&quot;:&quot;&quot;,&quot;orientation&quot;:&quot;0&quot;,&quot;keywords&quot;:&quot;Array&quot;}\" data-image-title=\"WhatsApp Image 2022-04-05 at 9.15.30 AM (1)\" data-image-description=\"\" data-medium-file=\"https:\/\/elgoaltal.gob.ec\/carchi\/wp-content\/uploads\/2022\/04\/WhatsApp-Image-2022-04-05-at-9.15.30-AM-1-550x413.jpeg\" data-large-file=\"https:\/\/elgoaltal.gob.ec\/carchi\/wp-content\/uploads\/2022\/04\/WhatsApp-Image-2022-04-05-at-9.15.30-AM-1-1024x768.jpeg\" width=\"150\" height=\"150\" src=\"https:\/\/elgoaltal.gob.ec\/carchi\/wp-content\/uploads\/2022\/04\/WhatsApp-Image-2022-04-05-at-9.15.30-AM-1-150x150.jpeg\" class=\"attachment-thumbnail size-thumbnail\" alt=\"\" \/><\/a>\n\t\t\t<\/dt><\/dl><dl class='gallery-item'>\n\t\t\t<dt class='gallery-icon landscape'>\n\t\t\t\t<a href='https:\/\/elgoaltal.gob.ec\/carchi\/rendicion-de-cuentas-2021\/whatsapp-image-2022-04-05-at-9-15-29-am\/'><img loading=\"lazy\" decoding=\"async\" data-attachment-id=\"431\" data-orig-file=\"https:\/\/elgoaltal.gob.ec\/carchi\/wp-content\/uploads\/2022\/04\/WhatsApp-Image-2022-04-05-at-9.15.29-AM.jpeg\" data-orig-size=\"1600,900\" data-comments-opened=\"0\" data-image-meta=\"{&quot;aperture&quot;:&quot;0&quot;,&quot;credit&quot;:&quot;&quot;,&quot;camera&quot;:&quot;&quot;,&quot;caption&quot;:&quot;&quot;,&quot;created_timestamp&quot;:&quot;0&quot;,&quot;copyright&quot;:&quot;&quot;,&quot;focal_length&quot;:&quot;0&quot;,&quot;iso&quot;:&quot;0&quot;,&quot;shutter_speed&quot;:&quot;0&quot;,&quot;title&quot;:&quot;&quot;,&quot;orientation&quot;:&quot;0&quot;,&quot;keywords&quot;:&quot;Array&quot;}\" data-image-title=\"WhatsApp Image 2022-04-05 at 9.15.29 AM\" data-image-description=\"\" data-medium-file=\"https:\/\/elgoaltal.gob.ec\/carchi\/wp-content\/uploads\/2022\/04\/WhatsApp-Image-2022-04-05-at-9.15.29-AM-550x309.jpeg\" data-large-file=\"https:\/\/elgoaltal.gob.ec\/carchi\/wp-content\/uploads\/2022\/04\/WhatsApp-Image-2022-04-05-at-9.15.29-AM-1024x576.jpeg\" width=\"150\" height=\"150\" src=\"https:\/\/elgoaltal.gob.ec\/carchi\/wp-content\/uploads\/2022\/04\/WhatsApp-Image-2022-04-05-at-9.15.29-AM-150x150.jpeg\" class=\"attachment-thumbnail size-thumbnail\" alt=\"\" \/><\/a>\n\t\t\t<\/dt><\/dl><dl class='gallery-item'>\n\t\t\t<dt class='gallery-icon landscape'>\n\t\t\t\t<a href='https:\/\/elgoaltal.gob.ec\/carchi\/rendicion-de-cuentas-2021\/whatsapp-image-2022-04-05-at-9-15-29-am-1\/'><img loading=\"lazy\" decoding=\"async\" data-attachment-id=\"430\" data-orig-file=\"https:\/\/elgoaltal.gob.ec\/carchi\/wp-content\/uploads\/2022\/04\/WhatsApp-Image-2022-04-05-at-9.15.29-AM-1.jpeg\" data-orig-size=\"1280,720\" data-comments-opened=\"0\" data-image-meta=\"{&quot;aperture&quot;:&quot;0&quot;,&quot;credit&quot;:&quot;&quot;,&quot;camera&quot;:&quot;&quot;,&quot;caption&quot;:&quot;&quot;,&quot;created_timestamp&quot;:&quot;0&quot;,&quot;copyright&quot;:&quot;&quot;,&quot;focal_length&quot;:&quot;0&quot;,&quot;iso&quot;:&quot;0&quot;,&quot;shutter_speed&quot;:&quot;0&quot;,&quot;title&quot;:&quot;&quot;,&quot;orientation&quot;:&quot;0&quot;,&quot;keywords&quot;:&quot;Array&quot;}\" data-image-title=\"WhatsApp Image 2022-04-05 at 9.15.29 AM (1)\" data-image-description=\"\" data-medium-file=\"https:\/\/elgoaltal.gob.ec\/carchi\/wp-content\/uploads\/2022\/04\/WhatsApp-Image-2022-04-05-at-9.15.29-AM-1-550x309.jpeg\" data-large-file=\"https:\/\/elgoaltal.gob.ec\/carchi\/wp-content\/uploads\/2022\/04\/WhatsApp-Image-2022-04-05-at-9.15.29-AM-1-1024x576.jpeg\" width=\"150\" height=\"150\" src=\"https:\/\/elgoaltal.gob.ec\/carchi\/wp-content\/uploads\/2022\/04\/WhatsApp-Image-2022-04-05-at-9.15.29-AM-1-150x150.jpeg\" class=\"attachment-thumbnail size-thumbnail\" alt=\"\" \/><\/a>\n\t\t\t<\/dt><\/dl><br style=\"clear: both\" \/>\n\t\t<\/div>\n\n<p>&nbsp;<\/p>\n<p><a href=\"https:\/\/drive.google.com\/file\/d\/1idhat50TGDGj4Q0zmiffzULOz_NJlp7P\/view?usp=drive_link\">https:\/\/drive.google.com\/file\/d\/1idhat50TGDGj4Q0zmiffzULOz_NJlp7P\/view?usp=drive_link<\/a><a href=\"https:\/\/elgoaltal.gob.ec\/carchi\/wp-content\/uploads\/2025\/08\/RENDICION-DE-CUENTAS-GAD-EL-GOALTAL-2024-GADPR-PUB.pptx\">RENDICI\u00d3N DE CUENTAS GAD EL GOALTAL 2024 GADPR PUB<\/a><img loading=\"lazy\" decoding=\"async\" class=\"alignnone size-medium wp-image-1203\" src=\"https:\/\/elgoaltal.gob.ec\/carchi\/wp-content\/uploads\/2025\/07\/PUBLICACION-550x778.jpg\" alt=\"\" width=\"550\" height=\"778\" srcset=\"https:\/\/elgoaltal.gob.ec\/carchi\/wp-content\/uploads\/2025\/07\/PUBLICACION-550x778.jpg 550w, https:\/\/elgoaltal.gob.ec\/carchi\/wp-content\/uploads\/2025\/07\/PUBLICACION-724x1024.jpg 724w, https:\/\/elgoaltal.gob.ec\/carchi\/wp-content\/uploads\/2025\/07\/PUBLICACION-768x1086.jpg 768w, https:\/\/elgoaltal.gob.ec\/carchi\/wp-content\/uploads\/2025\/07\/PUBLICACION-1086x1536.jpg 1086w, https:\/\/elgoaltal.gob.ec\/carchi\/wp-content\/uploads\/2025\/07\/PUBLICACION.jpg 1131w\" sizes=\"auto, (max-width: 550px) 100vw, 550px\" \/><\/p>\n","protected":false},"excerpt":{"rendered":"<p>INFORMES INFORME CPC SE\u00d1OR PRESIDENTE 2024 INFORME GAD INFORME VOCAL OBRAS PUBLICAS INFORME VOCAL PRODUCTIVIDAD GALERIA FOTOGR\u00c1FICA &nbsp; https:\/\/drive.google.com\/file\/d\/1idhat50TGDGj4Q0zmiffzULOz_NJlp7P\/view?usp=drive_linkRENDICI\u00d3N DE CUENTAS GAD EL GOALTAL 2024 GADPR PUB<\/p>\n","protected":false},"author":4,"featured_media":0,"parent":0,"menu_order":0,"comment_status":"closed","ping_status":"closed","template":"","meta":{"ngg_post_thumbnail":0,"footnotes":""},"class_list":["post-601","page","type-page","status-publish","hentry"],"yoast_head":"<!-- This site is optimized with the Yoast SEO plugin v24.1 - https:\/\/yoast.com\/wordpress\/plugins\/seo\/ -->\n<title>Rendici\u00f3n de Cuentas 2024 - GAD Parroquial de El Goaltal<\/title>\n<meta name=\"robots\" content=\"index, follow, max-snippet:-1, max-image-preview:large, max-video-preview:-1\" \/>\n<link rel=\"canonical\" href=\"https:\/\/elgoaltal.gob.ec\/carchi\/rendicion-de-cuentas-2024\/\" \/>\n<meta property=\"og:locale\" content=\"es_ES\" \/>\n<meta property=\"og:type\" content=\"article\" \/>\n<meta property=\"og:title\" content=\"Rendici\u00f3n de Cuentas 2024 - GAD Parroquial de El Goaltal\" \/>\n<meta property=\"og:description\" content=\"INFORMES INFORME CPC SE\u00d1OR PRESIDENTE 2024 INFORME GAD INFORME VOCAL OBRAS PUBLICAS INFORME VOCAL PRODUCTIVIDAD GALERIA FOTOGR\u00c1FICA &nbsp; https:\/\/drive.google.com\/file\/d\/1idhat50TGDGj4Q0zmiffzULOz_NJlp7P\/view?usp=drive_linkRENDICI\u00d3N DE CUENTAS GAD EL GOALTAL 2024 GADPR PUB\" \/>\n<meta property=\"og:url\" content=\"https:\/\/elgoaltal.gob.ec\/carchi\/rendicion-de-cuentas-2024\/\" \/>\n<meta property=\"og:site_name\" content=\"GAD Parroquial de El Goaltal\" \/>\n<meta property=\"article:modified_time\" content=\"2025-10-17T14:15:54+00:00\" \/>\n<meta property=\"og:image\" content=\"https:\/\/elgoaltal.gob.ec\/carchi\/wp-content\/uploads\/2022\/04\/WhatsApp-Image-2022-04-05-at-9.15.31-AM-150x150.jpeg\" \/>\n<meta name=\"twitter:card\" content=\"summary_large_image\" \/>\n<meta name=\"twitter:label1\" content=\"Tiempo de lectura\" \/>\n\t<meta name=\"twitter:data1\" content=\"1 minuto\" \/>\n<script type=\"application\/ld+json\" class=\"yoast-schema-graph\">{\"@context\":\"https:\/\/schema.org\",\"@graph\":[{\"@type\":\"WebPage\",\"@id\":\"https:\/\/elgoaltal.gob.ec\/carchi\/rendicion-de-cuentas-2024\/\",\"url\":\"https:\/\/elgoaltal.gob.ec\/carchi\/rendicion-de-cuentas-2024\/\",\"name\":\"Rendici\u00f3n de Cuentas 2024 - GAD Parroquial de El Goaltal\",\"isPartOf\":{\"@id\":\"https:\/\/elgoaltal.gob.ec\/carchi\/#website\"},\"primaryImageOfPage\":{\"@id\":\"https:\/\/elgoaltal.gob.ec\/carchi\/rendicion-de-cuentas-2024\/#primaryimage\"},\"image\":{\"@id\":\"https:\/\/elgoaltal.gob.ec\/carchi\/rendicion-de-cuentas-2024\/#primaryimage\"},\"thumbnailUrl\":\"https:\/\/elgoaltal.gob.ec\/carchi\/wp-content\/uploads\/2025\/07\/PUBLICACION-550x778.jpg\",\"datePublished\":\"2024-01-02T09:22:41+00:00\",\"dateModified\":\"2025-10-17T14:15:54+00:00\",\"breadcrumb\":{\"@id\":\"https:\/\/elgoaltal.gob.ec\/carchi\/rendicion-de-cuentas-2024\/#breadcrumb\"},\"inLanguage\":\"es\",\"potentialAction\":[{\"@type\":\"ReadAction\",\"target\":[\"https:\/\/elgoaltal.gob.ec\/carchi\/rendicion-de-cuentas-2024\/\"]}]},{\"@type\":\"ImageObject\",\"inLanguage\":\"es\",\"@id\":\"https:\/\/elgoaltal.gob.ec\/carchi\/rendicion-de-cuentas-2024\/#primaryimage\",\"url\":\"https:\/\/elgoaltal.gob.ec\/carchi\/wp-content\/uploads\/2025\/07\/PUBLICACION.jpg\",\"contentUrl\":\"https:\/\/elgoaltal.gob.ec\/carchi\/wp-content\/uploads\/2025\/07\/PUBLICACION.jpg\",\"width\":1131,\"height\":1600},{\"@type\":\"BreadcrumbList\",\"@id\":\"https:\/\/elgoaltal.gob.ec\/carchi\/rendicion-de-cuentas-2024\/#breadcrumb\",\"itemListElement\":[{\"@type\":\"ListItem\",\"position\":1,\"name\":\"Home\",\"item\":\"https:\/\/elgoaltal.gob.ec\/carchi\/\"},{\"@type\":\"ListItem\",\"position\":2,\"name\":\"Rendici\u00f3n de Cuentas 2024\"}]},{\"@type\":\"WebSite\",\"@id\":\"https:\/\/elgoaltal.gob.ec\/carchi\/#website\",\"url\":\"https:\/\/elgoaltal.gob.ec\/carchi\/\",\"name\":\"GAD Parroquial de El Goaltal\",\"description\":\"Sitio Oficial del GAD Parroquial de El Goaltal Carchi\",\"potentialAction\":[{\"@type\":\"SearchAction\",\"target\":{\"@type\":\"EntryPoint\",\"urlTemplate\":\"https:\/\/elgoaltal.gob.ec\/carchi\/?s={search_term_string}\"},\"query-input\":{\"@type\":\"PropertyValueSpecification\",\"valueRequired\":true,\"valueName\":\"search_term_string\"}}],\"inLanguage\":\"es\"}]}<\/script>\n<!-- \/ Yoast SEO plugin. -->","yoast_head_json":{"title":"Rendici\u00f3n de Cuentas 2024 - GAD Parroquial de El Goaltal","robots":{"index":"index","follow":"follow","max-snippet":"max-snippet:-1","max-image-preview":"max-image-preview:large","max-video-preview":"max-video-preview:-1"},"canonical":"https:\/\/elgoaltal.gob.ec\/carchi\/rendicion-de-cuentas-2024\/","og_locale":"es_ES","og_type":"article","og_title":"Rendici\u00f3n de Cuentas 2024 - GAD Parroquial de El Goaltal","og_description":"INFORMES INFORME CPC SE\u00d1OR PRESIDENTE 2024 INFORME GAD INFORME VOCAL OBRAS PUBLICAS INFORME VOCAL PRODUCTIVIDAD GALERIA FOTOGR\u00c1FICA &nbsp; https:\/\/drive.google.com\/file\/d\/1idhat50TGDGj4Q0zmiffzULOz_NJlp7P\/view?usp=drive_linkRENDICI\u00d3N DE CUENTAS GAD EL GOALTAL 2024 GADPR PUB","og_url":"https:\/\/elgoaltal.gob.ec\/carchi\/rendicion-de-cuentas-2024\/","og_site_name":"GAD Parroquial de El Goaltal","article_modified_time":"2025-10-17T14:15:54+00:00","og_image":[{"url":"https:\/\/elgoaltal.gob.ec\/carchi\/wp-content\/uploads\/2022\/04\/WhatsApp-Image-2022-04-05-at-9.15.31-AM-150x150.jpeg","type":"","width":"","height":""}],"twitter_card":"summary_large_image","twitter_misc":{"Tiempo de lectura":"1 minuto"},"schema":{"@context":"https:\/\/schema.org","@graph":[{"@type":"WebPage","@id":"https:\/\/elgoaltal.gob.ec\/carchi\/rendicion-de-cuentas-2024\/","url":"https:\/\/elgoaltal.gob.ec\/carchi\/rendicion-de-cuentas-2024\/","name":"Rendici\u00f3n de Cuentas 2024 - GAD Parroquial de El Goaltal","isPartOf":{"@id":"https:\/\/elgoaltal.gob.ec\/carchi\/#website"},"primaryImageOfPage":{"@id":"https:\/\/elgoaltal.gob.ec\/carchi\/rendicion-de-cuentas-2024\/#primaryimage"},"image":{"@id":"https:\/\/elgoaltal.gob.ec\/carchi\/rendicion-de-cuentas-2024\/#primaryimage"},"thumbnailUrl":"https:\/\/elgoaltal.gob.ec\/carchi\/wp-content\/uploads\/2025\/07\/PUBLICACION-550x778.jpg","datePublished":"2024-01-02T09:22:41+00:00","dateModified":"2025-10-17T14:15:54+00:00","breadcrumb":{"@id":"https:\/\/elgoaltal.gob.ec\/carchi\/rendicion-de-cuentas-2024\/#breadcrumb"},"inLanguage":"es","potentialAction":[{"@type":"ReadAction","target":["https:\/\/elgoaltal.gob.ec\/carchi\/rendicion-de-cuentas-2024\/"]}]},{"@type":"ImageObject","inLanguage":"es","@id":"https:\/\/elgoaltal.gob.ec\/carchi\/rendicion-de-cuentas-2024\/#primaryimage","url":"https:\/\/elgoaltal.gob.ec\/carchi\/wp-content\/uploads\/2025\/07\/PUBLICACION.jpg","contentUrl":"https:\/\/elgoaltal.gob.ec\/carchi\/wp-content\/uploads\/2025\/07\/PUBLICACION.jpg","width":1131,"height":1600},{"@type":"BreadcrumbList","@id":"https:\/\/elgoaltal.gob.ec\/carchi\/rendicion-de-cuentas-2024\/#breadcrumb","itemListElement":[{"@type":"ListItem","position":1,"name":"Home","item":"https:\/\/elgoaltal.gob.ec\/carchi\/"},{"@type":"ListItem","position":2,"name":"Rendici\u00f3n de Cuentas 2024"}]},{"@type":"WebSite","@id":"https:\/\/elgoaltal.gob.ec\/carchi\/#website","url":"https:\/\/elgoaltal.gob.ec\/carchi\/","name":"GAD Parroquial de El Goaltal","description":"Sitio Oficial del GAD Parroquial de El Goaltal Carchi","potentialAction":[{"@type":"SearchAction","target":{"@type":"EntryPoint","urlTemplate":"https:\/\/elgoaltal.gob.ec\/carchi\/?s={search_term_string}"},"query-input":{"@type":"PropertyValueSpecification","valueRequired":true,"valueName":"search_term_string"}}],"inLanguage":"es"}]}},"_links":{"self":[{"href":"https:\/\/elgoaltal.gob.ec\/carchi\/wp-json\/wp\/v2\/pages\/601","targetHints":{"allow":["GET"]}}],"collection":[{"href":"https:\/\/elgoaltal.gob.ec\/carchi\/wp-json\/wp\/v2\/pages"}],"about":[{"href":"https:\/\/elgoaltal.gob.ec\/carchi\/wp-json\/wp\/v2\/types\/page"}],"author":[{"embeddable":true,"href":"https:\/\/elgoaltal.gob.ec\/carchi\/wp-json\/wp\/v2\/users\/4"}],"replies":[{"embeddable":true,"href":"https:\/\/elgoaltal.gob.ec\/carchi\/wp-json\/wp\/v2\/comments?post=601"}],"version-history":[{"count":8,"href":"https:\/\/elgoaltal.gob.ec\/carchi\/wp-json\/wp\/v2\/pages\/601\/revisions"}],"predecessor-version":[{"id":1323,"href":"https:\/\/elgoaltal.gob.ec\/carchi\/wp-json\/wp\/v2\/pages\/601\/revisions\/1323"}],"wp:attachment":[{"href":"https:\/\/elgoaltal.gob.ec\/carchi\/wp-json\/wp\/v2\/media?parent=601"}],"curies":[{"name":"wp","href":"https:\/\/api.w.org\/{rel}","templated":true}]}}