{"id":324,"date":"2019-01-19T21:18:41","date_gmt":"2019-01-20T01:18:41","guid":{"rendered":"http:\/\/elgoaltal.gob.ec\/carchi\/?page_id=324"},"modified":"2019-01-19T21:18:41","modified_gmt":"2019-01-20T01:18:41","slug":"fases-3","status":"publish","type":"page","link":"https:\/\/elgoaltal.gob.ec\/carchi\/fases-3\/","title":{"rendered":"Fases"},"content":{"rendered":"[vc_row][vc_column][vc_accordion collapsible=\u00bb\u00bb disable_keyboard=\u00bb\u00bb][vc_accordion_tab title=\u00bbFASES DE LA RENDICION DE CUENTAS\u00bb][vc_wp_text]\n[\/vc_wp_text][\/vc_accordion_tab][vc_accordion_tab title=\u00bbFase 1&#8243;][vc_wp_text]\n<h3>FASE 1:<\/h3>\n<ul>\n<li>\n<h3>Mapeo de actores<\/h3>\n<\/li>\n<\/ul>\n<p>&nbsp;<\/p>\n<ul>\n<li>\n<h3>Consulta<\/h3>\n<\/li>\n<\/ul>\n<p>&nbsp;<\/p>\n<ul>\n<li>\n<h3>Entrega de temas al GAD<\/h3>\n<\/li>\n<\/ul>\n<p>&nbsp;<\/p>\n[\/vc_wp_text][\/vc_accordion_tab][vc_accordion_tab title=\u00bbFase 2&#8243;][vc_wp_text]\n<h3>FASE 2:<\/h3>\n<ul>\n<li>\n<h3>Seguimiento a la entrega del informe a la ciudadan\u00eda<\/h3>\n<\/li>\n<\/ul>\n<p>&nbsp;<\/p>\n[\/vc_wp_text][\/vc_accordion_tab][vc_accordion_tab title=\u00bbFase 3&#8243;][vc_wp_text]\n<h3>FASE 3:<\/h3>\n<ul>\n<li>\n<h3>Evaluaci\u00f3n ciudadana al informe de rendici\u00f3n de cuentas<\/h3>\n<\/li>\n<\/ul>\n<p>&nbsp;<\/p>\n<ul>\n<li>\n<h3>Seguimiento al proceso de convocatoria a la deliberaci\u00f3n p\u00fablica<\/h3>\n<\/li>\n<\/ul>\n<p>&nbsp;<\/p>\n<ul>\n<li>\n<h3>Participaci\u00f3n en la deliberaci\u00f3n p\u00fablica<\/h3>\n<\/li>\n<\/ul>\n<p>&nbsp;<\/p>\n<ul>\n<li>\n<h3>Mesas de Trabajo<\/h3>\n<\/li>\n<\/ul>\n[\/vc_wp_text][\/vc_accordion_tab][vc_accordion_tab title=\u00bbFase 4&#8243;][vc_wp_text]\n<h3>FASE 4:<\/h3>\n<ul>\n<li>\n<h3>Seguimiento a la incorporaci\u00f3n de la opini\u00f3n ciudadana<\/h3>\n<\/li>\n<\/ul>\n<p>&nbsp;<\/p>\n[\/vc_wp_text][\/vc_accordion_tab][\/vc_accordion][vc_column_text][\/vc_column_text][\/vc_column][\/vc_row]\n","protected":false},"excerpt":{"rendered":"<p>[vc_row][vc_column][vc_accordion collapsible=\u00bb\u00bb disable_keyboard=\u00bb\u00bb][vc_accordion_tab title=\u00bbFASES DE LA RENDICION DE CUENTAS\u00bb][vc_wp_text] [\/vc_wp_text][\/vc_accordion_tab][vc_accordion_tab title=\u00bbFase 1&#8243;][vc_wp_text] FASE 1: Mapeo de actores &nbsp; Consulta &nbsp; Entrega de temas al GAD &nbsp; [\/vc_wp_text][\/vc_accordion_tab][vc_accordion_tab title=\u00bbFase 2&#8243;][vc_wp_text] FASE 2: Seguimiento a la entrega del informe a la ciudadan\u00eda &nbsp; [\/vc_wp_text][\/vc_accordion_tab][vc_accordion_tab title=\u00bbFase 3&#8243;][vc_wp_text] FASE 3: Evaluaci\u00f3n ciudadana al informe de rendici\u00f3n de cuentas &nbsp; [&hellip;]<\/p>\n","protected":false},"author":4,"featured_media":0,"parent":0,"menu_order":0,"comment_status":"closed","ping_status":"closed","template":"","meta":{"ngg_post_thumbnail":0,"footnotes":""},"class_list":["post-324","page","type-page","status-publish","hentry"],"yoast_head":"<!-- This site is optimized with the Yoast SEO plugin v24.1 - https:\/\/yoast.com\/wordpress\/plugins\/seo\/ -->\n<title>Fases - GAD Parroquial de El Goaltal<\/title>\n<meta name=\"robots\" content=\"index, follow, max-snippet:-1, max-image-preview:large, max-video-preview:-1\" \/>\n<link rel=\"canonical\" href=\"https:\/\/elgoaltal.gob.ec\/carchi\/fases-3\/\" \/>\n<meta property=\"og:locale\" content=\"es_ES\" \/>\n<meta property=\"og:type\" content=\"article\" \/>\n<meta property=\"og:title\" content=\"Fases - GAD Parroquial de El Goaltal\" \/>\n<meta property=\"og:description\" content=\"[vc_row][vc_column][vc_accordion collapsible=\u00bb\u00bb disable_keyboard=\u00bb\u00bb][vc_accordion_tab title=\u00bbFASES DE LA RENDICION DE CUENTAS\u00bb][vc_wp_text] [\/vc_wp_text][\/vc_accordion_tab][vc_accordion_tab title=\u00bbFase 1&#8243;][vc_wp_text] FASE 1: Mapeo de actores &nbsp; Consulta &nbsp; Entrega de temas al GAD &nbsp; [\/vc_wp_text][\/vc_accordion_tab][vc_accordion_tab title=\u00bbFase 2&#8243;][vc_wp_text] FASE 2: Seguimiento a la entrega del informe a la ciudadan\u00eda &nbsp; [\/vc_wp_text][\/vc_accordion_tab][vc_accordion_tab title=\u00bbFase 3&#8243;][vc_wp_text] FASE 3: Evaluaci\u00f3n ciudadana al informe de rendici\u00f3n de cuentas &nbsp; [&hellip;]\" \/>\n<meta property=\"og:url\" content=\"https:\/\/elgoaltal.gob.ec\/carchi\/fases-3\/\" \/>\n<meta property=\"og:site_name\" content=\"GAD Parroquial de El Goaltal\" \/>\n<meta name=\"twitter:card\" content=\"summary_large_image\" \/>\n<meta name=\"twitter:label1\" content=\"Tiempo de lectura\" \/>\n\t<meta name=\"twitter:data1\" content=\"1 minuto\" \/>\n<script type=\"application\/ld+json\" class=\"yoast-schema-graph\">{\"@context\":\"https:\/\/schema.org\",\"@graph\":[{\"@type\":\"WebPage\",\"@id\":\"https:\/\/elgoaltal.gob.ec\/carchi\/fases-3\/\",\"url\":\"https:\/\/elgoaltal.gob.ec\/carchi\/fases-3\/\",\"name\":\"Fases - GAD Parroquial de El Goaltal\",\"isPartOf\":{\"@id\":\"https:\/\/elgoaltal.gob.ec\/carchi\/#website\"},\"datePublished\":\"2019-01-20T01:18:41+00:00\",\"dateModified\":\"2019-01-20T01:18:41+00:00\",\"breadcrumb\":{\"@id\":\"https:\/\/elgoaltal.gob.ec\/carchi\/fases-3\/#breadcrumb\"},\"inLanguage\":\"es\",\"potentialAction\":[{\"@type\":\"ReadAction\",\"target\":[\"https:\/\/elgoaltal.gob.ec\/carchi\/fases-3\/\"]}]},{\"@type\":\"BreadcrumbList\",\"@id\":\"https:\/\/elgoaltal.gob.ec\/carchi\/fases-3\/#breadcrumb\",\"itemListElement\":[{\"@type\":\"ListItem\",\"position\":1,\"name\":\"Home\",\"item\":\"https:\/\/elgoaltal.gob.ec\/carchi\/\"},{\"@type\":\"ListItem\",\"position\":2,\"name\":\"Fases\"}]},{\"@type\":\"WebSite\",\"@id\":\"https:\/\/elgoaltal.gob.ec\/carchi\/#website\",\"url\":\"https:\/\/elgoaltal.gob.ec\/carchi\/\",\"name\":\"GAD Parroquial de El Goaltal\",\"description\":\"Sitio Oficial del GAD Parroquial de El Goaltal Carchi\",\"potentialAction\":[{\"@type\":\"SearchAction\",\"target\":{\"@type\":\"EntryPoint\",\"urlTemplate\":\"https:\/\/elgoaltal.gob.ec\/carchi\/?s={search_term_string}\"},\"query-input\":{\"@type\":\"PropertyValueSpecification\",\"valueRequired\":true,\"valueName\":\"search_term_string\"}}],\"inLanguage\":\"es\"}]}<\/script>\n<!-- \/ Yoast SEO plugin. -->","yoast_head_json":{"title":"Fases - GAD Parroquial de El Goaltal","robots":{"index":"index","follow":"follow","max-snippet":"max-snippet:-1","max-image-preview":"max-image-preview:large","max-video-preview":"max-video-preview:-1"},"canonical":"https:\/\/elgoaltal.gob.ec\/carchi\/fases-3\/","og_locale":"es_ES","og_type":"article","og_title":"Fases - GAD Parroquial de El Goaltal","og_description":"[vc_row][vc_column][vc_accordion collapsible=\u00bb\u00bb disable_keyboard=\u00bb\u00bb][vc_accordion_tab title=\u00bbFASES DE LA RENDICION DE CUENTAS\u00bb][vc_wp_text] [\/vc_wp_text][\/vc_accordion_tab][vc_accordion_tab title=\u00bbFase 1&#8243;][vc_wp_text] FASE 1: Mapeo de actores &nbsp; Consulta &nbsp; Entrega de temas al GAD &nbsp; [\/vc_wp_text][\/vc_accordion_tab][vc_accordion_tab title=\u00bbFase 2&#8243;][vc_wp_text] FASE 2: Seguimiento a la entrega del informe a la ciudadan\u00eda &nbsp; [\/vc_wp_text][\/vc_accordion_tab][vc_accordion_tab title=\u00bbFase 3&#8243;][vc_wp_text] FASE 3: Evaluaci\u00f3n ciudadana al informe de rendici\u00f3n de cuentas &nbsp; [&hellip;]","og_url":"https:\/\/elgoaltal.gob.ec\/carchi\/fases-3\/","og_site_name":"GAD Parroquial de El Goaltal","twitter_card":"summary_large_image","twitter_misc":{"Tiempo de lectura":"1 minuto"},"schema":{"@context":"https:\/\/schema.org","@graph":[{"@type":"WebPage","@id":"https:\/\/elgoaltal.gob.ec\/carchi\/fases-3\/","url":"https:\/\/elgoaltal.gob.ec\/carchi\/fases-3\/","name":"Fases - GAD Parroquial de El Goaltal","isPartOf":{"@id":"https:\/\/elgoaltal.gob.ec\/carchi\/#website"},"datePublished":"2019-01-20T01:18:41+00:00","dateModified":"2019-01-20T01:18:41+00:00","breadcrumb":{"@id":"https:\/\/elgoaltal.gob.ec\/carchi\/fases-3\/#breadcrumb"},"inLanguage":"es","potentialAction":[{"@type":"ReadAction","target":["https:\/\/elgoaltal.gob.ec\/carchi\/fases-3\/"]}]},{"@type":"BreadcrumbList","@id":"https:\/\/elgoaltal.gob.ec\/carchi\/fases-3\/#breadcrumb","itemListElement":[{"@type":"ListItem","position":1,"name":"Home","item":"https:\/\/elgoaltal.gob.ec\/carchi\/"},{"@type":"ListItem","position":2,"name":"Fases"}]},{"@type":"WebSite","@id":"https:\/\/elgoaltal.gob.ec\/carchi\/#website","url":"https:\/\/elgoaltal.gob.ec\/carchi\/","name":"GAD Parroquial de El Goaltal","description":"Sitio Oficial del GAD Parroquial de El Goaltal Carchi","potentialAction":[{"@type":"SearchAction","target":{"@type":"EntryPoint","urlTemplate":"https:\/\/elgoaltal.gob.ec\/carchi\/?s={search_term_string}"},"query-input":{"@type":"PropertyValueSpecification","valueRequired":true,"valueName":"search_term_string"}}],"inLanguage":"es"}]}},"_links":{"self":[{"href":"https:\/\/elgoaltal.gob.ec\/carchi\/wp-json\/wp\/v2\/pages\/324","targetHints":{"allow":["GET"]}}],"collection":[{"href":"https:\/\/elgoaltal.gob.ec\/carchi\/wp-json\/wp\/v2\/pages"}],"about":[{"href":"https:\/\/elgoaltal.gob.ec\/carchi\/wp-json\/wp\/v2\/types\/page"}],"author":[{"embeddable":true,"href":"https:\/\/elgoaltal.gob.ec\/carchi\/wp-json\/wp\/v2\/users\/4"}],"replies":[{"embeddable":true,"href":"https:\/\/elgoaltal.gob.ec\/carchi\/wp-json\/wp\/v2\/comments?post=324"}],"version-history":[{"count":1,"href":"https:\/\/elgoaltal.gob.ec\/carchi\/wp-json\/wp\/v2\/pages\/324\/revisions"}],"predecessor-version":[{"id":325,"href":"https:\/\/elgoaltal.gob.ec\/carchi\/wp-json\/wp\/v2\/pages\/324\/revisions\/325"}],"wp:attachment":[{"href":"https:\/\/elgoaltal.gob.ec\/carchi\/wp-json\/wp\/v2\/media?parent=324"}],"curies":[{"name":"wp","href":"https:\/\/api.w.org\/{rel}","templated":true}]}}